{"id":3603,"date":"2022-09-26T22:55:20","date_gmt":"2022-09-27T02:55:20","guid":{"rendered":"https:\/\/www.bolivaryfreud.net\/web\/?page_id=3603"},"modified":"2022-09-26T23:00:45","modified_gmt":"2022-09-27T03:00:45","slug":"cronogramas-de-actividades","status":"publish","type":"page","link":"https:\/\/www.bolivaryfreud.net\/web\/?page_id=3603","title":{"rendered":"Cronogramas de Actividades"},"content":{"rendered":"\t\t<div data-elementor-type=\"wp-page\" data-elementor-id=\"3603\" class=\"elementor elementor-3603\" data-elementor-settings=\"{&quot;ha_cmc_init_switcher&quot;:&quot;no&quot;}\">\n\t\t\t\t\t\t<section class=\"has_eae_slider elementor-section elementor-top-section elementor-element elementor-element-67821f8 elementor-section-boxed elementor-section-height-default elementor-section-height-default wpr-particle-no wpr-jarallax-no wpr-parallax-no wpr-sticky-section-no jltma-glass-effect-no wpr-column-slider-no wpr-equal-height-no\" data-eae-slider=\"96706\" data-id=\"67821f8\" data-element_type=\"section\" data-e-type=\"section\" data-settings=\"{&quot;_ha_eqh_enable&quot;:false}\">\n\t\t\t\t\t\t<div class=\"elementor-container elementor-column-gap-default\">\n\t\t\t\t\t<div class=\"has_eae_slider elementor-column elementor-col-100 elementor-top-column elementor-element elementor-element-a79a5cd jltma-glass-effect-no\" data-eae-slider=\"57152\" data-id=\"a79a5cd\" data-element_type=\"column\" data-e-type=\"column\" data-settings=\"{&quot;background_background&quot;:&quot;classic&quot;}\">\n\t\t\t<div class=\"elementor-widget-wrap elementor-element-populated\">\n\t\t\t\t\t\t<section class=\"has_eae_slider elementor-section elementor-inner-section elementor-element elementor-element-77e1676 elementor-section-boxed elementor-section-height-default elementor-section-height-default wpr-particle-no wpr-jarallax-no wpr-parallax-no wpr-sticky-section-no jltma-glass-effect-no wpr-column-slider-no wpr-equal-height-no\" data-eae-slider=\"53207\" data-id=\"77e1676\" data-element_type=\"section\" data-e-type=\"section\" data-settings=\"{&quot;_ha_eqh_enable&quot;:false}\">\n\t\t\t\t\t\t<div class=\"elementor-container elementor-column-gap-default\">\n\t\t\t\t\t<div class=\"has_eae_slider elementor-column elementor-col-50 elementor-inner-column elementor-element elementor-element-724f154 jltma-glass-effect-no\" data-eae-slider=\"29924\" data-id=\"724f154\" data-element_type=\"column\" data-e-type=\"column\">\n\t\t\t<div class=\"elementor-widget-wrap elementor-element-populated\">\n\t\t\t\t\t\t<div class=\"elementor-element elementor-element-4184a88 jltma-glass-effect-no elementor-widget elementor-widget-heading\" data-id=\"4184a88\" data-element_type=\"widget\" data-e-type=\"widget\" data-widget_type=\"heading.default\">\n\t\t\t\t<div class=\"elementor-widget-container\">\n\t\t\t\t\t<h2 class=\"elementor-heading-title elementor-size-large\">CRONOGRAMAS DE ACTIVIDADES\n<br>\n<i style=\"color: #99948C;font-size: 0.7em\">\nVisualice o descargue los cronogramas de actividades vigentes durante todo el a\u00f1o escolar.\n<\/i><\/h2>\t\t\t\t<\/div>\n\t\t\t\t<\/div>\n\t\t\t\t\t<\/div>\n\t\t<\/div>\n\t\t\t\t<div class=\"has_eae_slider elementor-column elementor-col-50 elementor-inner-column elementor-element elementor-element-c9ff21f jltma-glass-effect-no\" data-eae-slider=\"67786\" data-id=\"c9ff21f\" data-element_type=\"column\" data-e-type=\"column\">\n\t\t\t<div class=\"elementor-widget-wrap elementor-element-populated\">\n\t\t\t\t\t\t<div class=\"elementor-element elementor-element-8897680 flotar-derecha jltma-glass-effect-no elementor-widget elementor-widget-image\" data-id=\"8897680\" data-element_type=\"widget\" data-e-type=\"widget\" data-widget_type=\"image.default\">\n\t\t\t\t<div class=\"elementor-widget-container\">\n\t\t\t\t\t\t\t\t\t\t\t\t\t\t\t<img decoding=\"async\" width=\"150\" height=\"150\" src=\"https:\/\/www.bolivaryfreud.net\/web\/wp-content\/uploads\/2021\/08\/logo-150x150.png\" class=\"attachment-thumbnail size-thumbnail wp-image-12\" alt=\"\" srcset=\"https:\/\/www.bolivaryfreud.net\/web\/wp-content\/uploads\/2021\/08\/logo-150x150.png 150w, https:\/\/www.bolivaryfreud.net\/web\/wp-content\/uploads\/2021\/08\/logo-300x300.png 300w, https:\/\/www.bolivaryfreud.net\/web\/wp-content\/uploads\/2021\/08\/logo-1024x1024.png 1024w, https:\/\/www.bolivaryfreud.net\/web\/wp-content\/uploads\/2021\/08\/logo-768x768.png 768w, https:\/\/www.bolivaryfreud.net\/web\/wp-content\/uploads\/2021\/08\/logo-1536x1536.png 1536w, https:\/\/www.bolivaryfreud.net\/web\/wp-content\/uploads\/2021\/08\/logo-1568x1568.png 1568w, https:\/\/www.bolivaryfreud.net\/web\/wp-content\/uploads\/2021\/08\/logo.png 2000w\" sizes=\"(max-width: 150px) 100vw, 150px\" \/>\t\t\t\t\t\t\t\t\t\t\t\t\t\t\t<\/div>\n\t\t\t\t<\/div>\n\t\t\t\t\t<\/div>\n\t\t<\/div>\n\t\t\t\t\t<\/div>\n\t\t<\/section>\n\t\t\t\t<div class=\"elementor-element elementor-element-5b4dfc3 elementor-widget-divider--view-line jltma-glass-effect-no elementor-widget elementor-widget-divider\" data-id=\"5b4dfc3\" data-element_type=\"widget\" data-e-type=\"widget\" data-widget_type=\"divider.default\">\n\t\t\t\t<div class=\"elementor-widget-container\">\n\t\t\t\t\t\t\t<div class=\"elementor-divider\">\n\t\t\t<span class=\"elementor-divider-separator\">\n\t\t\t\t\t\t<\/span>\n\t\t<\/div>\n\t\t\t\t\t\t<\/div>\n\t\t\t\t<\/div>\n\t\t\t\t<div class=\"elementor-element elementor-element-9d25913 premium-blog-align-justify premium-blog-cta-full-yes jltma-glass-effect-no elementor-widget elementor-widget-premium-addon-blog\" data-id=\"9d25913\" data-element_type=\"widget\" data-e-type=\"widget\" data-settings=\"{&quot;premium_blog_layout&quot;:&quot;masonry&quot;,&quot;premium_blog_columns_number&quot;:&quot;33.33%&quot;,&quot;premium_blog_grid&quot;:&quot;yes&quot;,&quot;premium_blog_columns_number_tablet&quot;:&quot;50%&quot;,&quot;premium_blog_columns_number_mobile&quot;:&quot;100%&quot;,&quot;scroll_to_offset&quot;:&quot;yes&quot;}\" data-widget_type=\"premium-addon-blog.default\">\n\t\t\t\t<div class=\"elementor-widget-container\">\n\t\t\t\t\t\n\t\t\n\n\t\t\t\t<div class=\"premium-blog-wrap  premium-blog-masonry\" data-page=\"3603\">\n\t\t\t\t\t\t\t\t\t<div class=\"premium-blog-post-outer-container\" data-total=\"1\">\n\t\t\t<div class=\"premium-blog-post-container premium-blog-skin-classic\">\n\t\t\t\t\t\t\t\t\t<div class=\"premium-blog-thumb-effect-wrapper\">\n\t\t\t\t\t\t<div class=\"premium-blog-thumbnail-container premium-blog-zoomout-effect\">\n\t\t\t\t\t\t\t<img fetchpriority=\"high\" decoding=\"async\" width=\"1200\" height=\"628\" src=\"https:\/\/www.bolivaryfreud.net\/web\/wp-content\/uploads\/2022\/09\/cronograma-actividades-personales.png\" class=\"attachment-full size-full wp-image-3621\" alt=\"\" srcset=\"https:\/\/www.bolivaryfreud.net\/web\/wp-content\/uploads\/2022\/09\/cronograma-actividades-personales.png 1200w, https:\/\/www.bolivaryfreud.net\/web\/wp-content\/uploads\/2022\/09\/cronograma-actividades-personales-300x157.png 300w, https:\/\/www.bolivaryfreud.net\/web\/wp-content\/uploads\/2022\/09\/cronograma-actividades-personales-1024x536.png 1024w, https:\/\/www.bolivaryfreud.net\/web\/wp-content\/uploads\/2022\/09\/cronograma-actividades-personales-768x402.png 768w, https:\/\/www.bolivaryfreud.net\/web\/wp-content\/uploads\/2022\/09\/cronograma-actividades-personales-570x298.png 570w, https:\/\/www.bolivaryfreud.net\/web\/wp-content\/uploads\/2022\/09\/cronograma-actividades-personales-270x141.png 270w\" sizes=\"(max-width: 1200px) 100vw, 1200px\" \/>\t\t\t\t\t\t<\/div>\n\t\t\t\t\t\t\t\t\t\t\t\t\t<div class=\"premium-blog-thumbnail-overlay\">\n\t\t\t\t\t\t\t\t<a class=\"elementor-icon\" href=\"https:\/\/www.bolivaryfreud.net\/web\/?p=5664\" target=\"_self\"><\/a>\n\t\t\t\t\t\t\t<\/div>\n\n\t\t\t\t\t\t\t\t\t\t\t\t\t\t\t\t\t\t<\/div>\n\t\t\t\t\t\t\t\t\t\t\t\t<div class=\"premium-blog-content-wrapper \">\n\n\t\t\t\t\t<div class=\"premium-blog-inner-container\">\n\n\t\t\t\t\t\t\t\t\t\t\t\t\t\t<h2 class=\"premium-blog-entry-title\">\n\t\t\t<a href=\"https:\/\/www.bolivaryfreud.net\/web\/?p=5664\" target=\"_self\">\n\t\t\t\tCronograma de Actividades &#8211; Segundo Lapso\t\t\t<\/a>\n\t\t<\/h2>\n\t\t\t\t<div class=\"premium-blog-entry-meta\">\n\t\t\t\n\t\t\t\t\t\t\t<span class=\"premium-blog-meta-separator\">\u2022<\/span>\n\t\t\t\t<div class=\"premium-blog-post-time premium-blog-meta-data\">\n\t\t\t\t\t<i class=\"fa fa-calendar-alt\" aria-hidden=\"true\"><\/i>\n\t\t\t\t\t<span>08\/Feb\/2026<\/span>\n\t\t\t\t<\/div>\n\t\t\t\n\t\t\t\t\t\t\t<span class=\"premium-blog-meta-separator\">\u2022<\/span>\n\t\t\t\t<div class=\"premium-blog-post-categories premium-blog-meta-data\">\n\t\t\t\t\t<i class=\"fa fa-align-left fa-fw\" aria-hidden=\"true\"><\/i>\n\t\t\t\t\t<a href=\"https:\/\/www.bolivaryfreud.net\/web\/?cat=84\" rel=\"category\">Cronogramas<\/a>, <a href=\"https:\/\/www.bolivaryfreud.net\/web\/?cat=14\" rel=\"category\">Noticias de Inter\u00e9s<\/a>\t\t\t\t<\/div>\n\t\t\t\n\t\t\t\t\t<\/div>\n\t\t\n\t\t\t\t\t<\/div>\n\n\t\t\t\t\t\t\t<div class=\"premium-blog-content-inner-wrapper\">\n\t\t<p class=\"premium-blog-post-content\">\u00bfQuieres saber qu\u00e9 viene en este segundo lapso? \ud83d\uddd3\ufe0f \u00a1Ya est\u00e1 publicado el Cronograma de Actividades! Consulta fechas de eventos, cortes, proyectos y jornadas especiales en nuestra secci\u00f3n de descargas. \u00a1Mantente al d\u00eda con la agenda escolar! \ud83c\udfeb\u2728<\/p><div class=\"premium-blog-excerpt-link-wrap\"><a href=\"https:\/\/www.bolivaryfreud.net\/web\/?p=5664\" target=\"_self\" class=\"premium-blog-excerpt-link elementor-button\">Leer m\u00e1s \u00bb<\/a><\/div>\t\t<\/div>\n\t\t\t\t\t\t\t\n\t\t\t\t<\/div>\n\t\t\t<\/div>\n\t\t<\/div>\n\n\t\t\t\t<div class=\"premium-blog-post-outer-container\" data-total=\"1\">\n\t\t\t<div class=\"premium-blog-post-container premium-blog-skin-classic\">\n\t\t\t\t\t\t\t\t\t<div class=\"premium-blog-thumb-effect-wrapper\">\n\t\t\t\t\t\t<div class=\"premium-blog-thumbnail-container premium-blog-zoomout-effect\">\n\t\t\t\t\t\t\t<img fetchpriority=\"high\" decoding=\"async\" width=\"1200\" height=\"628\" src=\"https:\/\/www.bolivaryfreud.net\/web\/wp-content\/uploads\/2022\/09\/cronograma-actividades-personales.png\" class=\"attachment-full size-full wp-image-3621\" alt=\"\" srcset=\"https:\/\/www.bolivaryfreud.net\/web\/wp-content\/uploads\/2022\/09\/cronograma-actividades-personales.png 1200w, https:\/\/www.bolivaryfreud.net\/web\/wp-content\/uploads\/2022\/09\/cronograma-actividades-personales-300x157.png 300w, https:\/\/www.bolivaryfreud.net\/web\/wp-content\/uploads\/2022\/09\/cronograma-actividades-personales-1024x536.png 1024w, https:\/\/www.bolivaryfreud.net\/web\/wp-content\/uploads\/2022\/09\/cronograma-actividades-personales-768x402.png 768w, https:\/\/www.bolivaryfreud.net\/web\/wp-content\/uploads\/2022\/09\/cronograma-actividades-personales-570x298.png 570w, https:\/\/www.bolivaryfreud.net\/web\/wp-content\/uploads\/2022\/09\/cronograma-actividades-personales-270x141.png 270w\" sizes=\"(max-width: 1200px) 100vw, 1200px\" \/>\t\t\t\t\t\t<\/div>\n\t\t\t\t\t\t\t\t\t\t\t\t\t<div class=\"premium-blog-thumbnail-overlay\">\n\t\t\t\t\t\t\t\t<a class=\"elementor-icon\" href=\"https:\/\/www.bolivaryfreud.net\/web\/?p=3620\" target=\"_self\"><\/a>\n\t\t\t\t\t\t\t<\/div>\n\n\t\t\t\t\t\t\t\t\t\t\t\t\t\t\t\t\t\t<\/div>\n\t\t\t\t\t\t\t\t\t\t\t\t<div class=\"premium-blog-content-wrapper \">\n\n\t\t\t\t\t<div class=\"premium-blog-inner-container\">\n\n\t\t\t\t\t\t\t\t\t\t\t\t\t\t<h2 class=\"premium-blog-entry-title\">\n\t\t\t<a href=\"https:\/\/www.bolivaryfreud.net\/web\/?p=3620\" target=\"_self\">\n\t\t\t\tCronograma de Actividades &#8211; PRIMER LAPSO\t\t\t<\/a>\n\t\t<\/h2>\n\t\t\t\t<div class=\"premium-blog-entry-meta\">\n\t\t\t\n\t\t\t\t\t\t\t<span class=\"premium-blog-meta-separator\">\u2022<\/span>\n\t\t\t\t<div class=\"premium-blog-post-time premium-blog-meta-data\">\n\t\t\t\t\t<i class=\"fa fa-calendar-alt\" aria-hidden=\"true\"><\/i>\n\t\t\t\t\t<span>17\/Sep\/2025<\/span>\n\t\t\t\t<\/div>\n\t\t\t\n\t\t\t\t\t\t\t<span class=\"premium-blog-meta-separator\">\u2022<\/span>\n\t\t\t\t<div class=\"premium-blog-post-categories premium-blog-meta-data\">\n\t\t\t\t\t<i class=\"fa fa-align-left fa-fw\" aria-hidden=\"true\"><\/i>\n\t\t\t\t\t<a href=\"https:\/\/www.bolivaryfreud.net\/web\/?cat=84\" rel=\"category\">Cronogramas<\/a>, <a href=\"https:\/\/www.bolivaryfreud.net\/web\/?cat=14\" rel=\"category\">Noticias de Inter\u00e9s<\/a>\t\t\t\t<\/div>\n\t\t\t\n\t\t\t\t\t<\/div>\n\t\t\n\t\t\t\t\t<\/div>\n\n\t\t\t\t\t\t\t<div class=\"premium-blog-content-inner-wrapper\">\n\t\t<p class=\"premium-blog-post-content\">Estimados padres, representantes y responsables:\n\nReciban todo un cordial saludo en la oportunidad del inicio de este nuevo a\u00f1o escolar. En esta secci\u00f3n podr\u00e1n acceder al CRONOGRAMA DE ACTIVIDADES vigente para el PRIMER LAPSO.<\/p><div class=\"premium-blog-excerpt-link-wrap\"><a href=\"https:\/\/www.bolivaryfreud.net\/web\/?p=3620\" target=\"_self\" class=\"premium-blog-excerpt-link elementor-button\">Leer m\u00e1s \u00bb<\/a><\/div>\t\t<\/div>\n\t\t\t\t\t\t\t\n\t\t\t\t<\/div>\n\t\t\t<\/div>\n\t\t<\/div>\n\n\t\t\t\t\t\t\t<\/div>\n\n\t\t\n\t\t\n\t\t\t\t\t\t<\/div>\n\t\t\t\t<\/div>\n\t\t\t\t\t<\/div>\n\t\t<\/div>\n\t\t\t\t\t<\/div>\n\t\t<\/section>\n\t\t\t\t<\/div>\n\t\t","protected":false},"excerpt":{"rendered":"<p>CRONOGRAMAS DE ACTIVIDADES Visualice o descargue los cronogramas de actividades vigentes durante todo el a\u00f1o escolar. No encontramos ninguna publicaci\u00f3n para esta secci\u00f3n. Regrese en otro momento para poder ver contenido&#8230;<\/p>\n","protected":false},"author":1,"featured_media":0,"parent":0,"menu_order":0,"comment_status":"closed","ping_status":"closed","template":"elementor_canvas","meta":{"footnotes":""},"class_list":["post-3603","page","type-page","status-publish","hentry"],"_links":{"self":[{"href":"https:\/\/www.bolivaryfreud.net\/web\/index.php?rest_route=\/wp\/v2\/pages\/3603","targetHints":{"allow":["GET"]}}],"collection":[{"href":"https:\/\/www.bolivaryfreud.net\/web\/index.php?rest_route=\/wp\/v2\/pages"}],"about":[{"href":"https:\/\/www.bolivaryfreud.net\/web\/index.php?rest_route=\/wp\/v2\/types\/page"}],"author":[{"embeddable":true,"href":"https:\/\/www.bolivaryfreud.net\/web\/index.php?rest_route=\/wp\/v2\/users\/1"}],"replies":[{"embeddable":true,"href":"https:\/\/www.bolivaryfreud.net\/web\/index.php?rest_route=%2Fwp%2Fv2%2Fcomments&post=3603"}],"version-history":[{"count":16,"href":"https:\/\/www.bolivaryfreud.net\/web\/index.php?rest_route=\/wp\/v2\/pages\/3603\/revisions"}],"predecessor-version":[{"id":3619,"href":"https:\/\/www.bolivaryfreud.net\/web\/index.php?rest_route=\/wp\/v2\/pages\/3603\/revisions\/3619"}],"wp:attachment":[{"href":"https:\/\/www.bolivaryfreud.net\/web\/index.php?rest_route=%2Fwp%2Fv2%2Fmedia&parent=3603"}],"curies":[{"name":"wp","href":"https:\/\/api.w.org\/{rel}","templated":true}]}}