{"id":169,"date":"2021-09-26T19:45:02","date_gmt":"2021-09-26T23:45:02","guid":{"rendered":"https:\/\/www.bolivaryfreud.net\/web\/?page_id=169"},"modified":"2022-02-05T23:18:43","modified_gmt":"2022-02-06T03:18:43","slug":"sec-programas-edu-holistica","status":"publish","type":"page","link":"https:\/\/www.bolivaryfreud.net\/web\/?page_id=169","title":{"rendered":"Programas de la Educaci\u00f3n Hol\u00edstica"},"content":{"rendered":"\t\t<div data-elementor-type=\"wp-page\" data-elementor-id=\"169\" class=\"elementor elementor-169\" data-elementor-settings=\"{&quot;ha_cmc_init_switcher&quot;:&quot;no&quot;}\">\n\t\t\t\t\t\t<section class=\"has_eae_slider elementor-section elementor-top-section elementor-element elementor-element-37a80d5 elementor-section-boxed elementor-section-height-default elementor-section-height-default wpr-particle-no wpr-jarallax-no wpr-parallax-no wpr-sticky-section-no jltma-glass-effect-no wpr-equal-height-no\" data-eae-slider=\"79020\" data-id=\"37a80d5\" data-element_type=\"section\" data-e-type=\"section\" data-settings=\"{&quot;_ha_eqh_enable&quot;:false}\">\n\t\t\t\t\t\t<div class=\"elementor-container elementor-column-gap-default\">\n\t\t\t\t\t<div class=\"has_eae_slider elementor-column elementor-col-100 elementor-top-column elementor-element elementor-element-d4921db jltma-glass-effect-no\" data-eae-slider=\"12305\" data-id=\"d4921db\" data-element_type=\"column\" data-e-type=\"column\" data-settings=\"{&quot;background_background&quot;:&quot;classic&quot;}\">\n\t\t\t<div class=\"elementor-widget-wrap elementor-element-populated\">\n\t\t\t\t\t\t<section class=\"has_eae_slider elementor-section elementor-inner-section elementor-element elementor-element-8849aad elementor-section-boxed elementor-section-height-default elementor-section-height-default wpr-particle-no wpr-jarallax-no wpr-parallax-no wpr-sticky-section-no jltma-glass-effect-no wpr-equal-height-no\" data-eae-slider=\"5443\" data-id=\"8849aad\" data-element_type=\"section\" data-e-type=\"section\" data-settings=\"{&quot;_ha_eqh_enable&quot;:false}\">\n\t\t\t\t\t\t<div class=\"elementor-container elementor-column-gap-default\">\n\t\t\t\t\t<div class=\"has_eae_slider elementor-column elementor-col-50 elementor-inner-column elementor-element elementor-element-142da09 jltma-glass-effect-no\" data-eae-slider=\"91806\" data-id=\"142da09\" data-element_type=\"column\" data-e-type=\"column\">\n\t\t\t<div class=\"elementor-widget-wrap elementor-element-populated\">\n\t\t\t\t\t\t<div class=\"elementor-element elementor-element-bb285e4 jltma-glass-effect-no elementor-widget elementor-widget-heading\" data-id=\"bb285e4\" data-element_type=\"widget\" data-e-type=\"widget\" data-widget_type=\"heading.default\">\n\t\t\t\t<div class=\"elementor-widget-container\">\n\t\t\t\t\t<h2 class=\"elementor-heading-title elementor-size-large\">Nuestros PROGRAMAS HOL\u00cdSTICOS.\n<br>\n<i style=\"color: #99948C;font-size: 0.7em\">\nExplore nuestros programas Hol\u00edsticos y su interacci\u00f3n con el desarrollo educativo y social de nuestros alumnos.\n<\/i><\/h2>\t\t\t\t<\/div>\n\t\t\t\t<\/div>\n\t\t\t\t\t<\/div>\n\t\t<\/div>\n\t\t\t\t<div class=\"has_eae_slider elementor-column elementor-col-50 elementor-inner-column elementor-element elementor-element-5d515de jltma-glass-effect-no\" data-eae-slider=\"42791\" data-id=\"5d515de\" data-element_type=\"column\" data-e-type=\"column\">\n\t\t\t<div class=\"elementor-widget-wrap elementor-element-populated\">\n\t\t\t\t\t\t<div class=\"elementor-element elementor-element-17d895e flotar-derecha jltma-glass-effect-no elementor-widget elementor-widget-image\" data-id=\"17d895e\" data-element_type=\"widget\" data-e-type=\"widget\" data-widget_type=\"image.default\">\n\t\t\t\t<div class=\"elementor-widget-container\">\n\t\t\t\t\t\t\t\t\t\t\t\t\t\t\t<img decoding=\"async\" width=\"150\" height=\"150\" src=\"https:\/\/www.bolivaryfreud.net\/web\/wp-content\/uploads\/2021\/08\/libro_historia-150x150.png\" class=\"attachment-thumbnail size-thumbnail wp-image-21\" alt=\"\" srcset=\"https:\/\/www.bolivaryfreud.net\/web\/wp-content\/uploads\/2021\/08\/libro_historia-150x150.png 150w, https:\/\/www.bolivaryfreud.net\/web\/wp-content\/uploads\/2021\/08\/libro_historia-300x300.png 300w, https:\/\/www.bolivaryfreud.net\/web\/wp-content\/uploads\/2021\/08\/libro_historia.png 510w\" sizes=\"(max-width: 150px) 100vw, 150px\" \/>\t\t\t\t\t\t\t\t\t\t\t\t\t\t\t<\/div>\n\t\t\t\t<\/div>\n\t\t\t\t\t<\/div>\n\t\t<\/div>\n\t\t\t\t\t<\/div>\n\t\t<\/section>\n\t\t\t\t<div class=\"elementor-element elementor-element-140ed39 elementor-widget-divider--view-line jltma-glass-effect-no elementor-widget elementor-widget-divider\" data-id=\"140ed39\" data-element_type=\"widget\" data-e-type=\"widget\" data-widget_type=\"divider.default\">\n\t\t\t\t<div class=\"elementor-widget-container\">\n\t\t\t\t\t\t\t<div class=\"elementor-divider\">\n\t\t\t<span class=\"elementor-divider-separator\">\n\t\t\t\t\t\t<\/span>\n\t\t<\/div>\n\t\t\t\t\t\t<\/div>\n\t\t\t\t<\/div>\n\t\t\t\t<div class=\"elementor-element elementor-element-a244372 jltma-glass-effect-no elementor-widget elementor-widget-text-editor\" data-id=\"a244372\" data-element_type=\"widget\" data-e-type=\"widget\" data-widget_type=\"text-editor.default\">\n\t\t\t\t<div class=\"elementor-widget-container\">\n\t\t\t\t\t\t\t\t\t<p>Los\u00a0<b>PROGRAMAS<\/b>\u00a0de la\u00a0<b>EDUCACI\u00d3N HOL\u00cdSTICA<\/b>\u00a0son conjuntos de actividades cuidadosamente planificadas en distintas \u00e1reas que abarcan las sinergias del desarrollo humano concebidas desde la visi\u00f3n hol\u00edstica del mismo, de implementaci\u00f3n adicional e integradas a los dise\u00f1os curriculares y programas oficiales emanados de las autoridades competentes del Estado.<\/p><p>\u00a0<\/p><p>Los programas que conforman nuestra propuesta educativa son:<\/p>\t\t\t\t\t\t\t\t<\/div>\n\t\t\t\t<\/div>\n\t\t\t\t<div class=\"elementor-element elementor-element-d7312d4 elementor-align-start elementor-icon-list--layout-traditional elementor-list-item-link-full_width jltma-glass-effect-no elementor-widget elementor-widget-icon-list\" data-id=\"d7312d4\" data-element_type=\"widget\" data-e-type=\"widget\" data-widget_type=\"icon-list.default\">\n\t\t\t\t<div class=\"elementor-widget-container\">\n\t\t\t\t\t\t\t<ul class=\"elementor-icon-list-items\">\n\t\t\t\t\t\t\t<li class=\"elementor-icon-list-item\">\n\t\t\t\t\t\t\t\t\t\t\t<span class=\"elementor-icon-list-icon\">\n\t\t\t\t\t\t\t<i aria-hidden=\"true\" class=\"fas fa-check\"><\/i>\t\t\t\t\t\t<\/span>\n\t\t\t\t\t\t\t\t\t\t<span class=\"elementor-icon-list-text\">Programa Permanente de Crecimiento Personal.<\/span>\n\t\t\t\t\t\t\t\t\t<\/li>\n\t\t\t\t\t\t\t\t<li class=\"elementor-icon-list-item\">\n\t\t\t\t\t\t\t\t\t\t\t<span class=\"elementor-icon-list-icon\">\n\t\t\t\t\t\t\t<i aria-hidden=\"true\" class=\"fas fa-check\"><\/i>\t\t\t\t\t\t<\/span>\n\t\t\t\t\t\t\t\t\t\t<span class=\"elementor-icon-list-text\">Programa de Extensi\u00f3n Comunitaria.<\/span>\n\t\t\t\t\t\t\t\t\t<\/li>\n\t\t\t\t\t\t\t\t<li class=\"elementor-icon-list-item\">\n\t\t\t\t\t\t\t\t\t\t\t<span class=\"elementor-icon-list-icon\">\n\t\t\t\t\t\t\t<i aria-hidden=\"true\" class=\"fas fa-check\"><\/i>\t\t\t\t\t\t<\/span>\n\t\t\t\t\t\t\t\t\t\t<span class=\"elementor-icon-list-text\">Programa de Actividades Culturales.<\/span>\n\t\t\t\t\t\t\t\t\t<\/li>\n\t\t\t\t\t\t\t\t<li class=\"elementor-icon-list-item\">\n\t\t\t\t\t\t\t\t\t\t\t<span class=\"elementor-icon-list-icon\">\n\t\t\t\t\t\t\t<i aria-hidden=\"true\" class=\"fas fa-check\"><\/i>\t\t\t\t\t\t<\/span>\n\t\t\t\t\t\t\t\t\t\t<span class=\"elementor-icon-list-text\">Programa de Actividades Deportivas y Recreativas.<\/span>\n\t\t\t\t\t\t\t\t\t<\/li>\n\t\t\t\t\t\t\t\t<li class=\"elementor-icon-list-item\">\n\t\t\t\t\t\t\t\t\t\t\t<span class=\"elementor-icon-list-icon\">\n\t\t\t\t\t\t\t<i aria-hidden=\"true\" class=\"fas fa-check\"><\/i>\t\t\t\t\t\t<\/span>\n\t\t\t\t\t\t\t\t\t\t<span class=\"elementor-icon-list-text\">Programa Permanente de Felicidad Escolar.<\/span>\n\t\t\t\t\t\t\t\t\t<\/li>\n\t\t\t\t\t\t<\/ul>\n\t\t\t\t\t\t<\/div>\n\t\t\t\t<\/div>\n\t\t\t\t<div class=\"elementor-element elementor-element-826684d jltma-glass-effect-no elementor-widget elementor-widget-text-editor\" data-id=\"826684d\" data-element_type=\"widget\" data-e-type=\"widget\" data-widget_type=\"text-editor.default\">\n\t\t\t\t<div class=\"elementor-widget-container\">\n\t\t\t\t\t\t\t\t\t<p>Los <b>PROGRAMAS<\/b>\u00a0de la\u00a0<b>EDUCACI\u00d3N HOL\u00cdSTICA<\/b> est\u00e1n formados por distintas actividades que se realizar\u00e1n a lo largo del a\u00f1o escolar, dirigidas a los directivos, docentes, estudiantes, representantes y comunidad educativa en general. Estas actividades se planifican antes del inicio de cada a\u00f1o escolar en consonancia con el proceso de seguimiento, evaluaci\u00f3n y ajustes que determinar\u00e1 las necesidades reales para su mejor implementaci\u00f3n.<br \/><br \/><br \/><\/p>\t\t\t\t\t\t\t\t<\/div>\n\t\t\t\t<\/div>\n\t\t\t\t<section class=\"has_eae_slider elementor-section elementor-inner-section elementor-element elementor-element-a76804d elementor-section-boxed elementor-section-height-default elementor-section-height-default wpr-particle-no wpr-jarallax-no wpr-parallax-no wpr-sticky-section-no jltma-glass-effect-no wpr-equal-height-no\" data-eae-slider=\"44098\" data-id=\"a76804d\" data-element_type=\"section\" data-e-type=\"section\" data-settings=\"{&quot;_ha_eqh_enable&quot;:false}\">\n\t\t\t\t\t\t<div class=\"elementor-container elementor-column-gap-default\">\n\t\t\t\t\t<div class=\"has_eae_slider elementor-column elementor-col-100 elementor-inner-column elementor-element elementor-element-36500c7 jltma-glass-effect-no\" data-eae-slider=\"71977\" data-id=\"36500c7\" data-element_type=\"column\" data-e-type=\"column\">\n\t\t\t<div class=\"elementor-widget-wrap elementor-element-populated\">\n\t\t\t\t\t\t<div class=\"elementor-element elementor-element-5015697 jltma-glass-effect-no elementor-widget elementor-widget-ma-tabs jltma-addon ma-tabs\" data-id=\"5015697\" data-element_type=\"widget\" data-e-type=\"widget\" data-widget_type=\"ma-tabs.default\">\n\t\t\t\t<div class=\"elementor-widget-container\">\n\t\t\t\t\t\n\t\t<div id=\"jltma--advance-tabs-5015697\" class=\"jltma--advance-tab two \" data-tab-effect=\"click\" data-tabs>\n\n\t\t\t\n\t\t\t\t<ul class=\"jltma--advance-tab-nav\">\n\t\t\t\t\t\t\t\t\t\t\t<li class=\"active\" data-tab data-tab-id=\"jltma-tab-50156970\">\n\t\t\t\t\t\t\t\t\t\t\t\t\t\t<span class=\"jltma--tab-title\">\n\t\t\t\t\t\t\t\tP.P.C.P\t\t\t\t\t\t\t<\/span>\n\t\t\t\t\t\t<\/li>\n\t\t\t\t\t\t\t\t\t\t\t<li class=\"\" data-tab data-tab-id=\"jltma-tab-50156971\">\n\t\t\t\t\t\t\t\t\t\t\t\t\t\t<span class=\"jltma--tab-title\">\n\t\t\t\t\t\t\t\tP.E.C\t\t\t\t\t\t\t<\/span>\n\t\t\t\t\t\t<\/li>\n\t\t\t\t\t\t\t\t\t\t\t<li class=\"\" data-tab data-tab-id=\"jltma-tab-50156972\">\n\t\t\t\t\t\t\t\t\t\t\t\t\t\t<span class=\"jltma--tab-title\">\n\t\t\t\t\t\t\t\tP.A.C\t\t\t\t\t\t\t<\/span>\n\t\t\t\t\t\t<\/li>\n\t\t\t\t\t\t\t\t\t\t\t<li class=\"\" data-tab data-tab-id=\"jltma-tab-50156973\">\n\t\t\t\t\t\t\t\t\t\t\t\t\t\t<span class=\"jltma--tab-title\">\n\t\t\t\t\t\t\t\tP.A.D.R.\t\t\t\t\t\t\t<\/span>\n\t\t\t\t\t\t<\/li>\n\t\t\t\t\t\t\t\t\t\t\t<li class=\"\" data-tab data-tab-id=\"jltma-tab-50156974\">\n\t\t\t\t\t\t\t\t\t\t\t\t\t\t<span class=\"jltma--tab-title\">\n\t\t\t\t\t\t\t\tP.P.F.E.\t\t\t\t\t\t\t<\/span>\n\t\t\t\t\t\t<\/li>\n\t\t\t\t\t\t\t\t\t<\/ul>\n\n\t\t\t\t\n\t\t\t\t<div class=\"tab-content\">\n\t\t\t\t\t\t\t\t\t\t\t<div id=\"jltma-tab-50156970\" class=\"jltma--advance-tab-content tab-pane active\">\n\t\t\t\t\t\t\t<h3 style=\"font-size: 1.5em;\"><strong>Programa Permanente de Crecimiento Personal<\/strong><\/h3>\n\n<hr \/>\n\n<p class=\"text-justify\">El\u00a0<b>Programa Permanente de Crecimiento Personal<\/b>, cuyas siglas son\u00a0<b>P.P.C.P.<\/b>, es un programa pilar de la\u00a0<b>EDUCACI\u00d3N HOL\u00cdSTICA<\/b>. Entre sus objetivos destaca propiciar el acercamiento a la visi\u00f3n hol\u00edstica. Abarca actividades en los \u00e1mbitos siguientes: crecimiento interno, mejoramiento profesional, prevenci\u00f3n integral, educaci\u00f3n ambiental, mejoramiento acad\u00e9mico y salud mental.<\/p>\t\t\t\t\t\t<\/div><!-- jltma--advance-tab-content -->\n\t\t\t\t\t\t\t\t\t\t\t<div id=\"jltma-tab-50156971\" class=\"jltma--advance-tab-content tab-pane \">\n\t\t\t\t\t\t\t<h3 style=\"font-size: 1.5em;\"><strong>Programa de Extensi\u00f3n Comunitaria<\/strong><\/h3>\n\n<hr \/>\n\n<p class=\"text-justify\">El\u00a0<b>Programa de Extensi\u00f3n Comunitaria<\/b>, cuyas siglas son\u00a0<b>P.E.C.<\/b>, es un conjunto de tres subprogramas dirigidos a convertir a la instituci\u00f3n en un punto de referencia positivo para la comunidad en la cual se halla inserta fortaleciendo v\u00ednculos y formando un amplio sentido de pertenencia a la misma en los integrantes de la Comunidad Educativa, propiciando la cogesti\u00f3n para encontrar y solucionar problemas comunes al mismo tiempo que se forman valores sociales como la solidaridad.<\/p>\t\t\t\t\t\t<\/div><!-- jltma--advance-tab-content -->\n\t\t\t\t\t\t\t\t\t\t\t<div id=\"jltma-tab-50156972\" class=\"jltma--advance-tab-content tab-pane \">\n\t\t\t\t\t\t\t<h3 style=\"font-size: 1.5em;\"><strong>Programa de Actividades Culturales<\/strong><\/h3>\n\n<hr \/>\n\n<p class=\"text-justify\">El\u00a0<b>Programa de Actividades Culturales<\/b>, cuyas siglas son\u00a0<b>P.A.C.<\/b>, est\u00e1 constituido por actividades en las \u00e1reas de las artes esc\u00e9nicas, artes musicales, y expresi\u00f3n pl\u00e1stica, dirigidas a explorar y descubrir talentos y vocaci\u00f3n art\u00edstica en todos los (las) estudiantes que en ellos participen a lo largo del a\u00f1o escolar.<\/p>\t\t\t\t\t\t<\/div><!-- jltma--advance-tab-content -->\n\t\t\t\t\t\t\t\t\t\t\t<div id=\"jltma-tab-50156973\" class=\"jltma--advance-tab-content tab-pane \">\n\t\t\t\t\t\t\t<h3 style=\"font-size: 1.5em;\"><strong>Programa de Actividades Deportivas y Recreativas<\/strong><\/h3>\n\n<hr \/>\n\n<p class=\"text-justify\">El\u00a0<b>Programa de Actividades Deportivas y Recreativas<\/b>\u00a0cuyas siglas son\u00a0<b>P.A.D.R.<\/b>, es un conjunto de actividades deportivas y recreativas planificadas para todos los (las) estudiantes del plantel a lo largo del a\u00f1o escolar, concebidas por la importancia del deporte y la recreaci\u00f3n para un completo y sano desarrollo f\u00edsico y mental.<\/p>\t\t\t\t\t\t<\/div><!-- jltma--advance-tab-content -->\n\t\t\t\t\t\t\t\t\t\t\t<div id=\"jltma-tab-50156974\" class=\"jltma--advance-tab-content tab-pane \">\n\t\t\t\t\t\t\t<h3 style=\"font-size: 1.5em;\"><strong>Programa Permanente de Felicidad Escolar.<\/strong><\/h3>\n\n<hr \/>\n\n<p class=\"text-justify\">El\u00a0<b>Programa Permanente de Felicidad Escolar<\/b>\u00a0cuyas siglas son\u00a0<b>P.P.F.E.<\/b>, est\u00e1 formado por una serie de acciones que persiguen mejorar el ambiente relacional entre todos los integrantes de la Comunidad Educativa propiciando la integraci\u00f3n y el desarrollo de un sentido de mayor pertenencia al plantel.<\/p>\t\t\t\t\t\t<\/div><!-- jltma--advance-tab-content -->\n\t\t\t\t\t\t\t\t\t<\/div> <!-- tab-content -->\n\n\t\t\t\t\n\t\t<\/div>\n\t\t\t\t<\/div>\n\t\t\t\t<\/div>\n\t\t\t\t\t<\/div>\n\t\t<\/div>\n\t\t\t\t\t<\/div>\n\t\t<\/section>\n\t\t\t\t\t<\/div>\n\t\t<\/div>\n\t\t\t\t\t<\/div>\n\t\t<\/section>\n\t\t\t\t<section class=\"has_eae_slider elementor-section elementor-top-section elementor-element elementor-element-dbbc836 elementor-section-boxed elementor-section-height-default elementor-section-height-default wpr-particle-no wpr-jarallax-no wpr-parallax-no wpr-sticky-section-no jltma-glass-effect-no wpr-equal-height-no\" data-eae-slider=\"98673\" data-id=\"dbbc836\" data-element_type=\"section\" data-e-type=\"section\" data-settings=\"{&quot;_ha_eqh_enable&quot;:false}\">\n\t\t\t\t\t\t<div class=\"elementor-container elementor-column-gap-default\">\n\t\t\t\t\t<div class=\"has_eae_slider elementor-column elementor-col-100 elementor-top-column elementor-element elementor-element-0236fa9 jltma-glass-effect-no\" data-eae-slider=\"91226\" data-id=\"0236fa9\" data-element_type=\"column\" data-e-type=\"column\">\n\t\t\t<div class=\"elementor-widget-wrap elementor-element-populated\">\n\t\t\t\t\t\t<div class=\"elementor-element elementor-element-3cb9f35 jltma-glass-effect-no elementor-widget elementor-widget-spacer\" data-id=\"3cb9f35\" data-element_type=\"widget\" data-e-type=\"widget\" data-widget_type=\"spacer.default\">\n\t\t\t\t<div class=\"elementor-widget-container\">\n\t\t\t\t\t\t\t<div class=\"elementor-spacer\">\n\t\t\t<div class=\"elementor-spacer-inner\"><\/div>\n\t\t<\/div>\n\t\t\t\t\t\t<\/div>\n\t\t\t\t<\/div>\n\t\t\t\t\t<\/div>\n\t\t<\/div>\n\t\t\t\t\t<\/div>\n\t\t<\/section>\n\t\t\t\t<\/div>\n\t\t","protected":false},"excerpt":{"rendered":"<p>Nuestros PROGRAMAS HOL\u00cdSTICOS. Explore nuestros programas Hol\u00edsticos y su interacci\u00f3n con el desarrollo educativo y social de nuestros alumnos. Los\u00a0PROGRAMAS\u00a0de la\u00a0EDUCACI\u00d3N HOL\u00cdSTICA\u00a0son conjuntos de actividades cuidadosamente planificadas en distintas \u00e1reas que abarcan las sinergias del desarrollo humano concebidas desde la visi\u00f3n hol\u00edstica del mismo, de implementaci\u00f3n adicional e integradas a los dise\u00f1os curriculares y programas oficiales emanados de las autoridades competentes del Estado. \u00a0 Los programas que conforman nuestra propuesta educativa son: Programa Permanente de Crecimiento Personal. Programa de Extensi\u00f3n Comunitaria. Programa de Actividades Culturales. Programa de Actividades Deportivas y Recreativas. Programa Permanente de Felicidad Escolar. Los PROGRAMAS\u00a0de la\u00a0EDUCACI\u00d3N HOL\u00cdSTICA est\u00e1n formados por distintas actividades que se realizar\u00e1n a lo largo del a\u00f1o escolar, dirigidas a los directivos, docentes, estudiantes, representantes y comunidad educativa en general. Estas actividades se planifican antes del inicio de cada a\u00f1o escolar en consonancia con el proceso de seguimiento, evaluaci\u00f3n y ajustes que determinar\u00e1 las necesidades reales para su mejor implementaci\u00f3n. P.P.C.P P.E.C P.A.C P.A.D.R. P.P.F.E. Programa Permanente de Crecimiento Personal El\u00a0Programa Permanente de Crecimiento Personal, cuyas siglas son\u00a0P.P.C.P., es un programa pilar de la\u00a0EDUCACI\u00d3N HOL\u00cdSTICA. Entre sus objetivos destaca propiciar el acercamiento a la visi\u00f3n hol\u00edstica. Abarca actividades en los \u00e1mbitos siguientes: crecimiento interno, mejoramiento profesional, prevenci\u00f3n integral, educaci\u00f3n ambiental, mejoramiento acad\u00e9mico y salud mental. Programa de Extensi\u00f3n Comunitaria El\u00a0Programa de Extensi\u00f3n Comunitaria, cuyas siglas son\u00a0P.E.C., es un conjunto de tres subprogramas dirigidos a convertir a la instituci\u00f3n en un punto de referencia positivo para la comunidad en la cual se halla inserta fortaleciendo v\u00ednculos y formando un amplio sentido de pertenencia a la misma en los integrantes de la Comunidad Educativa, propiciando la cogesti\u00f3n para encontrar y solucionar problemas comunes al mismo tiempo que se forman valores sociales como la solidaridad. Programa de Actividades Culturales El\u00a0Programa de Actividades Culturales, cuyas siglas son\u00a0P.A.C., est\u00e1 constituido por actividades en las \u00e1reas de las artes esc\u00e9nicas, artes musicales, y expresi\u00f3n pl\u00e1stica, dirigidas a explorar y descubrir talentos y vocaci\u00f3n art\u00edstica en todos los (las) estudiantes que en ellos participen a lo largo del a\u00f1o escolar. Programa de Actividades Deportivas y Recreativas El\u00a0Programa de Actividades Deportivas y Recreativas\u00a0cuyas siglas son\u00a0P.A.D.R., es un conjunto de actividades deportivas y recreativas planificadas para todos los (las) estudiantes del plantel a lo largo del a\u00f1o escolar, concebidas por la importancia del deporte y la recreaci\u00f3n para un completo y sano desarrollo f\u00edsico y mental. Programa Permanente de Felicidad Escolar. El\u00a0Programa Permanente de Felicidad Escolar\u00a0cuyas siglas son\u00a0P.P.F.E., est\u00e1 formado por una serie de acciones que persiguen mejorar el ambiente relacional entre todos los integrantes de la Comunidad Educativa propiciando la integraci\u00f3n y el desarrollo de un sentido de mayor pertenencia al plantel.<\/p>\n","protected":false},"author":1,"featured_media":0,"parent":0,"menu_order":0,"comment_status":"closed","ping_status":"closed","template":"elementor_header_footer","meta":{"footnotes":""},"class_list":["post-169","page","type-page","status-publish","hentry"],"_links":{"self":[{"href":"https:\/\/www.bolivaryfreud.net\/web\/index.php?rest_route=\/wp\/v2\/pages\/169","targetHints":{"allow":["GET"]}}],"collection":[{"href":"https:\/\/www.bolivaryfreud.net\/web\/index.php?rest_route=\/wp\/v2\/pages"}],"about":[{"href":"https:\/\/www.bolivaryfreud.net\/web\/index.php?rest_route=\/wp\/v2\/types\/page"}],"author":[{"embeddable":true,"href":"https:\/\/www.bolivaryfreud.net\/web\/index.php?rest_route=\/wp\/v2\/users\/1"}],"replies":[{"embeddable":true,"href":"https:\/\/www.bolivaryfreud.net\/web\/index.php?rest_route=%2Fwp%2Fv2%2Fcomments&post=169"}],"version-history":[{"count":41,"href":"https:\/\/www.bolivaryfreud.net\/web\/index.php?rest_route=\/wp\/v2\/pages\/169\/revisions"}],"predecessor-version":[{"id":2183,"href":"https:\/\/www.bolivaryfreud.net\/web\/index.php?rest_route=\/wp\/v2\/pages\/169\/revisions\/2183"}],"wp:attachment":[{"href":"https:\/\/www.bolivaryfreud.net\/web\/index.php?rest_route=%2Fwp%2Fv2%2Fmedia&parent=169"}],"curies":[{"name":"wp","href":"https:\/\/api.w.org\/{rel}","templated":true}]}}