{"id":167,"date":"2021-09-26T19:44:43","date_gmt":"2021-09-26T23:44:43","guid":{"rendered":"https:\/\/www.bolivaryfreud.net\/web\/?page_id=167"},"modified":"2022-03-06T19:05:48","modified_gmt":"2022-03-06T23:05:48","slug":"sec-la-institucion","status":"publish","type":"page","link":"https:\/\/www.bolivaryfreud.net\/web\/?page_id=167","title":{"rendered":"Acerca de Nosotros"},"content":{"rendered":"\t\t<div data-elementor-type=\"wp-page\" data-elementor-id=\"167\" class=\"elementor elementor-167\" data-elementor-settings=\"{&quot;ha_cmc_init_switcher&quot;:&quot;no&quot;}\">\n\t\t\t\t\t\t<section class=\"has_eae_slider elementor-section elementor-top-section elementor-element elementor-element-2823e08 elementor-section-boxed elementor-section-height-default elementor-section-height-default wpr-particle-no wpr-jarallax-no wpr-parallax-no wpr-sticky-section-no jltma-glass-effect-no wpr-equal-height-no\" data-eae-slider=\"22345\" data-id=\"2823e08\" data-element_type=\"section\" data-e-type=\"section\" data-settings=\"{&quot;_ha_eqh_enable&quot;:false}\">\n\t\t\t\t\t\t<div class=\"elementor-container elementor-column-gap-default\">\n\t\t\t\t\t<div class=\"has_eae_slider elementor-column elementor-col-100 elementor-top-column elementor-element elementor-element-b7367ec jltma-glass-effect-no\" data-eae-slider=\"73046\" data-id=\"b7367ec\" data-element_type=\"column\" data-e-type=\"column\" data-settings=\"{&quot;background_background&quot;:&quot;classic&quot;}\">\n\t\t\t<div class=\"elementor-widget-wrap elementor-element-populated\">\n\t\t\t\t\t\t<section class=\"has_eae_slider elementor-section elementor-inner-section elementor-element elementor-element-e48d21c elementor-section-boxed elementor-section-height-default elementor-section-height-default wpr-particle-no wpr-jarallax-no wpr-parallax-no wpr-sticky-section-no jltma-glass-effect-no wpr-equal-height-no\" data-eae-slider=\"78073\" data-id=\"e48d21c\" data-element_type=\"section\" data-e-type=\"section\" data-settings=\"{&quot;_ha_eqh_enable&quot;:false}\">\n\t\t\t\t\t\t<div class=\"elementor-container elementor-column-gap-default\">\n\t\t\t\t\t<div class=\"has_eae_slider elementor-column elementor-col-50 elementor-inner-column elementor-element elementor-element-353a8da jltma-glass-effect-no\" data-eae-slider=\"89647\" data-id=\"353a8da\" data-element_type=\"column\" data-e-type=\"column\">\n\t\t\t<div class=\"elementor-widget-wrap elementor-element-populated\">\n\t\t\t\t\t\t<div class=\"elementor-element elementor-element-8968340 jltma-glass-effect-no elementor-widget elementor-widget-heading\" data-id=\"8968340\" data-element_type=\"widget\" data-e-type=\"widget\" data-widget_type=\"heading.default\">\n\t\t\t\t<div class=\"elementor-widget-container\">\n\t\t\t\t\t<h2 class=\"elementor-heading-title elementor-size-large\">Nuestra propuesta de EDUCACI\u00d3N HOL\u00cdSTICA\n<br>\n<i style=\"color: #99948C;font-size: 0.7em\">\nConozca nuestra propuesta no convencional de Educaci\u00f3n Hol\u00edstica.\n<\/i><\/h2>\t\t\t\t<\/div>\n\t\t\t\t<\/div>\n\t\t\t\t\t<\/div>\n\t\t<\/div>\n\t\t\t\t<div class=\"has_eae_slider elementor-column elementor-col-50 elementor-inner-column elementor-element elementor-element-643108d jltma-glass-effect-no\" data-eae-slider=\"70768\" data-id=\"643108d\" data-element_type=\"column\" data-e-type=\"column\">\n\t\t\t<div class=\"elementor-widget-wrap elementor-element-populated\">\n\t\t\t\t\t\t<div class=\"elementor-element elementor-element-4045098 flotar-derecha jltma-glass-effect-no elementor-widget elementor-widget-image\" data-id=\"4045098\" data-element_type=\"widget\" data-e-type=\"widget\" data-widget_type=\"image.default\">\n\t\t\t\t<div class=\"elementor-widget-container\">\n\t\t\t\t\t\t\t\t\t\t\t\t\t\t\t<img decoding=\"async\" width=\"150\" height=\"150\" src=\"https:\/\/www.bolivaryfreud.net\/web\/wp-content\/uploads\/2021\/08\/libro_historia-150x150.png\" class=\"attachment-thumbnail size-thumbnail wp-image-21\" alt=\"\" srcset=\"https:\/\/www.bolivaryfreud.net\/web\/wp-content\/uploads\/2021\/08\/libro_historia-150x150.png 150w, https:\/\/www.bolivaryfreud.net\/web\/wp-content\/uploads\/2021\/08\/libro_historia-300x300.png 300w, https:\/\/www.bolivaryfreud.net\/web\/wp-content\/uploads\/2021\/08\/libro_historia.png 510w\" sizes=\"(max-width: 150px) 100vw, 150px\" \/>\t\t\t\t\t\t\t\t\t\t\t\t\t\t\t<\/div>\n\t\t\t\t<\/div>\n\t\t\t\t\t<\/div>\n\t\t<\/div>\n\t\t\t\t\t<\/div>\n\t\t<\/section>\n\t\t\t\t<div class=\"elementor-element elementor-element-796bf25 elementor-widget-divider--view-line jltma-glass-effect-no elementor-widget elementor-widget-divider\" data-id=\"796bf25\" data-element_type=\"widget\" data-e-type=\"widget\" data-widget_type=\"divider.default\">\n\t\t\t\t<div class=\"elementor-widget-container\">\n\t\t\t\t\t\t\t<div class=\"elementor-divider\">\n\t\t\t<span class=\"elementor-divider-separator\">\n\t\t\t\t\t\t<\/span>\n\t\t<\/div>\n\t\t\t\t\t\t<\/div>\n\t\t\t\t<\/div>\n\t\t\t\t<div class=\"elementor-element elementor-element-3ad11f7 jltma-glass-effect-no elementor-widget elementor-widget-text-editor\" data-id=\"3ad11f7\" data-element_type=\"widget\" data-e-type=\"widget\" data-widget_type=\"text-editor.default\">\n\t\t\t\t<div class=\"elementor-widget-container\">\n\t\t\t\t\t\t\t\t\t<p>La\u00a0<span style=\"color: #f88007;\"><b>Unidad Educativa Privada Colegio Bol\u00edvar y Freud<\/b><\/span>\u00a0para el cumplimiento de su objeto, parte del desarrollo e implementaci\u00f3n de una\u00a0<span style=\"color: #f88007;\"><b>PROPUESTA NO CONVENCIONAL DE EDUCACI\u00d3N HOL\u00cdSTICA<\/b><\/span>\u00a0formulada en el seno de su Junta Directiva, que se define como un nuevo enfoque multidimensional de la educaci\u00f3n que sustenta la pr\u00e1ctica pedag\u00f3gica diaria en la concepci\u00f3n del estudiante como un ente bio-psico-social y en esencia espiritual, basada en una filosof\u00eda antropol\u00f3gica trascendental, laica, no sectaria, reconocida en distintas manifestaciones del pensamiento hist\u00f3rico universal de todos los tiempos; dicha sustentaci\u00f3n filos\u00f3fica aplicada a la pr\u00e1ctica pedag\u00f3gica persigue atender todas las anteriormente mencionadas sinergias del desarrollo individual haciendo \u00e9nfasis en el rescate de Valores Human\u00edsticos, \u00c9ticos y Morales universalmente aceptados como respuesta ante la crisis de Valores subyacente en la sociedad contempor\u00e1nea.<\/p>\t\t\t\t\t\t\t\t<\/div>\n\t\t\t\t<\/div>\n\t\t\t\t<section class=\"has_eae_slider elementor-section elementor-inner-section elementor-element elementor-element-8a43473 elementor-section-boxed elementor-section-height-default elementor-section-height-default wpr-particle-no wpr-jarallax-no wpr-parallax-no wpr-sticky-section-no jltma-glass-effect-no wpr-equal-height-no\" data-eae-slider=\"1032\" data-id=\"8a43473\" data-element_type=\"section\" data-e-type=\"section\" data-settings=\"{&quot;_ha_eqh_enable&quot;:false}\">\n\t\t\t\t\t\t<div class=\"elementor-container elementor-column-gap-default\">\n\t\t\t\t\t<div class=\"has_eae_slider elementor-column elementor-col-50 elementor-inner-column elementor-element elementor-element-06f5053 jltma-glass-effect-no\" data-eae-slider=\"40798\" data-id=\"06f5053\" data-element_type=\"column\" data-e-type=\"column\">\n\t\t\t<div class=\"elementor-widget-wrap elementor-element-populated\">\n\t\t\t\t\t\t<div class=\"elementor-element elementor-element-f231a11 jltma-glass-effect-no elementor-widget elementor-widget-text-editor\" data-id=\"f231a11\" data-element_type=\"widget\" data-e-type=\"widget\" data-widget_type=\"text-editor.default\">\n\t\t\t\t<div class=\"elementor-widget-container\">\n\t\t\t\t\t\t\t\t\t<h3 style=\"font-size: 2em;\">Misi\u00f3n<\/h3><p class=\"text-justify\">La Unidad Educativa Privada Colegio Bol\u00edvar y Freud es una instituci\u00f3n que imparte educaci\u00f3n de calidad a ni\u00f1os, ni\u00f1as y j\u00f3venes de la comunidad de la Parroquia Sucre del Distrito Capital bajo el enfoque de su novedosa propuesta de Educaci\u00f3n Hol\u00edstica, acorde e integrada al marco legal vigente en materia educativa con la finalidad de formar mejores seres humanos.<\/p><p class=\"text-justify\">\u00a0<\/p>\t\t\t\t\t\t\t\t<\/div>\n\t\t\t\t<\/div>\n\t\t\t\t\t<\/div>\n\t\t<\/div>\n\t\t\t\t<div class=\"has_eae_slider elementor-column elementor-col-50 elementor-inner-column elementor-element elementor-element-dd43944 jltma-glass-effect-no\" data-eae-slider=\"93403\" data-id=\"dd43944\" data-element_type=\"column\" data-e-type=\"column\">\n\t\t\t<div class=\"elementor-widget-wrap elementor-element-populated\">\n\t\t\t\t\t\t<div class=\"elementor-element elementor-element-dbe09e7 jltma-glass-effect-no elementor-widget elementor-widget-text-editor\" data-id=\"dbe09e7\" data-element_type=\"widget\" data-e-type=\"widget\" data-widget_type=\"text-editor.default\">\n\t\t\t\t<div class=\"elementor-widget-container\">\n\t\t\t\t\t\t\t\t\t<p class=\"text-justify\">\u00a0<\/p><h3 style=\"font-size: 2em;\">Visi\u00f3n<\/h3><p class=\"text-justify\">Convertirse en una instituci\u00f3n pionera del cambio educativo, de referencia en la Educaci\u00f3n Venezolana, posicion\u00e1ndose en los primeros lugares de las instituciones educativas que ofrecen mayor calidad de servicio educativo e inspiradora para otras instituciones y organizaciones educativas nacionales e internacionales que persigan ampliar los fines Humanistas y \u00c9ticos de la educaci\u00f3n.<\/p>\t\t\t\t\t\t\t\t<\/div>\n\t\t\t\t<\/div>\n\t\t\t\t\t<\/div>\n\t\t<\/div>\n\t\t\t\t\t<\/div>\n\t\t<\/section>\n\t\t\t\t<section class=\"has_eae_slider elementor-section elementor-inner-section elementor-element elementor-element-0c84b47 elementor-section-boxed elementor-section-height-default elementor-section-height-default wpr-particle-no wpr-jarallax-no wpr-parallax-no wpr-sticky-section-no jltma-glass-effect-no wpr-equal-height-no\" data-eae-slider=\"91624\" data-id=\"0c84b47\" data-element_type=\"section\" data-e-type=\"section\" data-settings=\"{&quot;_ha_eqh_enable&quot;:false}\">\n\t\t\t\t\t\t<div class=\"elementor-container elementor-column-gap-default\">\n\t\t\t\t\t<div class=\"has_eae_slider elementor-column elementor-col-100 elementor-inner-column elementor-element elementor-element-88a28e9 jltma-glass-effect-no\" data-eae-slider=\"90786\" data-id=\"88a28e9\" data-element_type=\"column\" data-e-type=\"column\">\n\t\t\t<div class=\"elementor-widget-wrap elementor-element-populated\">\n\t\t\t\t\t\t<div class=\"elementor-element elementor-element-621bdfc jltma-glass-effect-no elementor-widget elementor-widget-text-editor\" data-id=\"621bdfc\" data-element_type=\"widget\" data-e-type=\"widget\" data-widget_type=\"text-editor.default\">\n\t\t\t\t<div class=\"elementor-widget-container\">\n\t\t\t\t\t\t\t\t\t<h3 style=\"font-size: 2em;\">Objetivo<\/h3><p class=\"text-justify\">Propiciar una Educaci\u00f3n que fomente el desarrollo arm\u00f3nico de la persona en sus sinergias biol\u00f3gica, psicol\u00f3gica, social y espiritual, mediante un proceso de formaci\u00f3n de todos los miembros de la Comunidad Educativa centrado en una Visi\u00f3n Hol\u00edstica del proceso de ense\u00f1anza-aprendizaje basada en Valores \u00c9ticos y Morales universalmente aceptados, todo de conformidad con el marco legal educativo venezolano.<\/p>\t\t\t\t\t\t\t\t<\/div>\n\t\t\t\t<\/div>\n\t\t\t\t\t<\/div>\n\t\t<\/div>\n\t\t\t\t\t<\/div>\n\t\t<\/section>\n\t\t\t\t\t<\/div>\n\t\t<\/div>\n\t\t\t\t\t<\/div>\n\t\t<\/section>\n\t\t\t\t<section class=\"has_eae_slider elementor-section elementor-top-section elementor-element elementor-element-721732d elementor-section-boxed elementor-section-height-default elementor-section-height-default wpr-particle-no wpr-jarallax-no wpr-parallax-no wpr-sticky-section-no jltma-glass-effect-no wpr-equal-height-no\" data-eae-slider=\"82170\" data-id=\"721732d\" data-element_type=\"section\" data-e-type=\"section\" data-settings=\"{&quot;_ha_eqh_enable&quot;:false}\">\n\t\t\t\t\t\t<div class=\"elementor-container elementor-column-gap-default\">\n\t\t\t\t\t<div class=\"has_eae_slider elementor-column elementor-col-100 elementor-top-column elementor-element elementor-element-d025ee9 jltma-glass-effect-no\" data-eae-slider=\"88933\" data-id=\"d025ee9\" data-element_type=\"column\" data-e-type=\"column\">\n\t\t\t<div class=\"elementor-widget-wrap elementor-element-populated\">\n\t\t\t\t\t\t<div class=\"elementor-element elementor-element-18864c9 jltma-glass-effect-no elementor-widget elementor-widget-spacer\" data-id=\"18864c9\" data-element_type=\"widget\" data-e-type=\"widget\" data-widget_type=\"spacer.default\">\n\t\t\t\t<div class=\"elementor-widget-container\">\n\t\t\t\t\t\t\t<div class=\"elementor-spacer\">\n\t\t\t<div class=\"elementor-spacer-inner\"><\/div>\n\t\t<\/div>\n\t\t\t\t\t\t<\/div>\n\t\t\t\t<\/div>\n\t\t\t\t\t<\/div>\n\t\t<\/div>\n\t\t\t\t\t<\/div>\n\t\t<\/section>\n\t\t\t\t<\/div>\n\t\t","protected":false},"excerpt":{"rendered":"<p>Nuestra propuesta de EDUCACI\u00d3N HOL\u00cdSTICA Conozca nuestra propuesta no convencional de Educaci\u00f3n Hol\u00edstica. La\u00a0Unidad Educativa Privada Colegio Bol\u00edvar y Freud\u00a0para el cumplimiento de su objeto, parte del desarrollo e implementaci\u00f3n de una\u00a0PROPUESTA NO CONVENCIONAL DE EDUCACI\u00d3N HOL\u00cdSTICA\u00a0formulada en el seno de su Junta Directiva, que se define como un nuevo enfoque multidimensional de la educaci\u00f3n que sustenta la pr\u00e1ctica pedag\u00f3gica diaria en la concepci\u00f3n del estudiante como un ente bio-psico-social y en esencia espiritual, basada en una filosof\u00eda antropol\u00f3gica trascendental, laica, no sectaria, reconocida en distintas manifestaciones del pensamiento hist\u00f3rico universal de todos los tiempos; dicha sustentaci\u00f3n filos\u00f3fica aplicada a la pr\u00e1ctica pedag\u00f3gica persigue atender todas las anteriormente mencionadas sinergias del desarrollo individual haciendo \u00e9nfasis en el rescate de Valores Human\u00edsticos, \u00c9ticos y Morales universalmente aceptados como respuesta ante la crisis de Valores subyacente en la sociedad contempor\u00e1nea. Misi\u00f3n La Unidad Educativa Privada Colegio Bol\u00edvar y Freud es una instituci\u00f3n que imparte educaci\u00f3n de calidad a ni\u00f1os, ni\u00f1as y j\u00f3venes de la comunidad de la Parroquia Sucre del Distrito Capital bajo el enfoque de su novedosa propuesta de Educaci\u00f3n Hol\u00edstica, acorde e integrada al marco legal vigente en materia educativa con la finalidad de formar mejores seres humanos. \u00a0 \u00a0 Visi\u00f3n Convertirse en una instituci\u00f3n pionera del cambio educativo, de referencia en la Educaci\u00f3n Venezolana, posicion\u00e1ndose en los primeros lugares de las instituciones educativas que ofrecen mayor calidad de servicio educativo e inspiradora para otras instituciones y organizaciones educativas nacionales e internacionales que persigan ampliar los fines Humanistas y \u00c9ticos de la educaci\u00f3n. Objetivo Propiciar una Educaci\u00f3n que fomente el desarrollo arm\u00f3nico de la persona en sus sinergias biol\u00f3gica, psicol\u00f3gica, social y espiritual, mediante un proceso de formaci\u00f3n de todos los miembros de la Comunidad Educativa centrado en una Visi\u00f3n Hol\u00edstica del proceso de ense\u00f1anza-aprendizaje basada en Valores \u00c9ticos y Morales universalmente aceptados, todo de conformidad con el marco legal educativo venezolano.<\/p>\n","protected":false},"author":1,"featured_media":0,"parent":0,"menu_order":0,"comment_status":"closed","ping_status":"closed","template":"elementor_canvas","meta":{"footnotes":""},"class_list":["post-167","page","type-page","status-publish","hentry"],"_links":{"self":[{"href":"https:\/\/www.bolivaryfreud.net\/web\/index.php?rest_route=\/wp\/v2\/pages\/167","targetHints":{"allow":["GET"]}}],"collection":[{"href":"https:\/\/www.bolivaryfreud.net\/web\/index.php?rest_route=\/wp\/v2\/pages"}],"about":[{"href":"https:\/\/www.bolivaryfreud.net\/web\/index.php?rest_route=\/wp\/v2\/types\/page"}],"author":[{"embeddable":true,"href":"https:\/\/www.bolivaryfreud.net\/web\/index.php?rest_route=\/wp\/v2\/users\/1"}],"replies":[{"embeddable":true,"href":"https:\/\/www.bolivaryfreud.net\/web\/index.php?rest_route=%2Fwp%2Fv2%2Fcomments&post=167"}],"version-history":[{"count":68,"href":"https:\/\/www.bolivaryfreud.net\/web\/index.php?rest_route=\/wp\/v2\/pages\/167\/revisions"}],"predecessor-version":[{"id":2908,"href":"https:\/\/www.bolivaryfreud.net\/web\/index.php?rest_route=\/wp\/v2\/pages\/167\/revisions\/2908"}],"wp:attachment":[{"href":"https:\/\/www.bolivaryfreud.net\/web\/index.php?rest_route=%2Fwp%2Fv2%2Fmedia&parent=167"}],"curies":[{"name":"wp","href":"https:\/\/api.w.org\/{rel}","templated":true}]}}