{"id":1479,"date":"2021-11-05T15:38:16","date_gmt":"2021-11-05T19:38:16","guid":{"rendered":"https:\/\/www.bolivaryfreud.net\/web\/?page_id=1479"},"modified":"2024-10-11T10:10:51","modified_gmt":"2024-10-11T14:10:51","slug":"horarios","status":"publish","type":"page","link":"https:\/\/www.bolivaryfreud.net\/web\/?page_id=1479","title":{"rendered":"Horarios"},"content":{"rendered":"\t\t<div data-elementor-type=\"wp-page\" data-elementor-id=\"1479\" class=\"elementor elementor-1479\" data-elementor-settings=\"{&quot;ha_cmc_init_switcher&quot;:&quot;no&quot;}\">\n\t\t\t\t\t\t<section class=\"has_eae_slider elementor-section elementor-top-section elementor-element elementor-element-67821f8 elementor-section-boxed elementor-section-height-default elementor-section-height-default wpr-particle-no wpr-jarallax-no wpr-parallax-no wpr-sticky-section-no jltma-glass-effect-no wpr-equal-height-no\" data-eae-slider=\"47509\" data-id=\"67821f8\" data-element_type=\"section\" data-e-type=\"section\" data-settings=\"{&quot;_ha_eqh_enable&quot;:false}\">\n\t\t\t\t\t\t<div class=\"elementor-container elementor-column-gap-default\">\n\t\t\t\t\t<div class=\"has_eae_slider elementor-column elementor-col-100 elementor-top-column elementor-element elementor-element-a79a5cd jltma-glass-effect-no\" data-eae-slider=\"44961\" data-id=\"a79a5cd\" data-element_type=\"column\" data-e-type=\"column\" data-settings=\"{&quot;background_background&quot;:&quot;classic&quot;}\">\n\t\t\t<div class=\"elementor-widget-wrap elementor-element-populated\">\n\t\t\t\t\t\t<section class=\"has_eae_slider elementor-section elementor-inner-section elementor-element elementor-element-77e1676 elementor-section-boxed elementor-section-height-default elementor-section-height-default wpr-particle-no wpr-jarallax-no wpr-parallax-no wpr-sticky-section-no jltma-glass-effect-no wpr-equal-height-no\" data-eae-slider=\"7699\" data-id=\"77e1676\" data-element_type=\"section\" data-e-type=\"section\" data-settings=\"{&quot;_ha_eqh_enable&quot;:false}\">\n\t\t\t\t\t\t<div class=\"elementor-container elementor-column-gap-default\">\n\t\t\t\t\t<div class=\"has_eae_slider elementor-column elementor-col-50 elementor-inner-column elementor-element elementor-element-724f154 jltma-glass-effect-no\" data-eae-slider=\"51354\" data-id=\"724f154\" data-element_type=\"column\" data-e-type=\"column\">\n\t\t\t<div class=\"elementor-widget-wrap elementor-element-populated\">\n\t\t\t\t\t\t<div class=\"elementor-element elementor-element-4184a88 jltma-glass-effect-no elementor-widget elementor-widget-heading\" data-id=\"4184a88\" data-element_type=\"widget\" data-e-type=\"widget\" data-widget_type=\"heading.default\">\n\t\t\t\t<div class=\"elementor-widget-container\">\n\t\t\t\t\t<h2 class=\"elementor-heading-title elementor-size-large\">SECCI\u00d3N DE HORARIOS DE CLASE\n<br>\n<i style=\"color: #99948C;font-size: 0.7em\">\nConozca y acceda a los horarios vigentes para PRIMARIA O PARA BACHILLERATO durante todo el a\u00f1o escolar (si se hacen correcciones las mismas estar\u00e1n reflejadas ac\u00e1 mismo).\n<\/i><\/h2>\t\t\t\t<\/div>\n\t\t\t\t<\/div>\n\t\t\t\t\t<\/div>\n\t\t<\/div>\n\t\t\t\t<div class=\"has_eae_slider elementor-column elementor-col-50 elementor-inner-column elementor-element elementor-element-c9ff21f jltma-glass-effect-no\" data-eae-slider=\"49044\" data-id=\"c9ff21f\" data-element_type=\"column\" data-e-type=\"column\">\n\t\t\t<div class=\"elementor-widget-wrap elementor-element-populated\">\n\t\t\t\t\t\t<div class=\"elementor-element elementor-element-8897680 flotar-derecha jltma-glass-effect-no elementor-widget elementor-widget-image\" data-id=\"8897680\" data-element_type=\"widget\" data-e-type=\"widget\" data-widget_type=\"image.default\">\n\t\t\t\t<div class=\"elementor-widget-container\">\n\t\t\t\t\t\t\t\t\t\t\t\t\t\t\t<img decoding=\"async\" width=\"150\" height=\"150\" src=\"https:\/\/www.bolivaryfreud.net\/web\/wp-content\/uploads\/2021\/08\/logo-150x150.png\" class=\"attachment-thumbnail size-thumbnail wp-image-12\" alt=\"\" srcset=\"https:\/\/www.bolivaryfreud.net\/web\/wp-content\/uploads\/2021\/08\/logo-150x150.png 150w, https:\/\/www.bolivaryfreud.net\/web\/wp-content\/uploads\/2021\/08\/logo-300x300.png 300w, https:\/\/www.bolivaryfreud.net\/web\/wp-content\/uploads\/2021\/08\/logo-1024x1024.png 1024w, https:\/\/www.bolivaryfreud.net\/web\/wp-content\/uploads\/2021\/08\/logo-768x768.png 768w, https:\/\/www.bolivaryfreud.net\/web\/wp-content\/uploads\/2021\/08\/logo-1536x1536.png 1536w, https:\/\/www.bolivaryfreud.net\/web\/wp-content\/uploads\/2021\/08\/logo-1568x1568.png 1568w, https:\/\/www.bolivaryfreud.net\/web\/wp-content\/uploads\/2021\/08\/logo.png 2000w\" sizes=\"(max-width: 150px) 100vw, 150px\" \/>\t\t\t\t\t\t\t\t\t\t\t\t\t\t\t<\/div>\n\t\t\t\t<\/div>\n\t\t\t\t\t<\/div>\n\t\t<\/div>\n\t\t\t\t\t<\/div>\n\t\t<\/section>\n\t\t\t\t<div class=\"elementor-element elementor-element-5b4dfc3 elementor-widget-divider--view-line jltma-glass-effect-no elementor-widget elementor-widget-divider\" data-id=\"5b4dfc3\" data-element_type=\"widget\" data-e-type=\"widget\" data-widget_type=\"divider.default\">\n\t\t\t\t<div class=\"elementor-widget-container\">\n\t\t\t\t\t\t\t<div class=\"elementor-divider\">\n\t\t\t<span class=\"elementor-divider-separator\">\n\t\t\t\t\t\t<\/span>\n\t\t<\/div>\n\t\t\t\t\t\t<\/div>\n\t\t\t\t<\/div>\n\t\t\t\t<div class=\"elementor-element elementor-element-9d25913 premium-blog-align-justify premium-blog-cta-full-yes jltma-glass-effect-no elementor-widget elementor-widget-premium-addon-blog\" data-id=\"9d25913\" data-element_type=\"widget\" data-e-type=\"widget\" data-settings=\"{&quot;premium_blog_layout&quot;:&quot;masonry&quot;,&quot;premium_blog_columns_number&quot;:&quot;33.33%&quot;,&quot;premium_blog_infinite_scroll&quot;:&quot;yes&quot;,&quot;premium_blog_grid&quot;:&quot;yes&quot;,&quot;premium_blog_columns_number_tablet&quot;:&quot;50%&quot;,&quot;premium_blog_columns_number_mobile&quot;:&quot;100%&quot;}\" data-widget_type=\"premium-addon-blog.default\">\n\t\t\t\t<div class=\"elementor-widget-container\">\n\t\t\t\t\t\n\t\t\n\n\t\t\t\t<div class=\"premium-blog-wrap  premium-blog-masonry\" data-page=\"1479\">\n\t\t\t\t\t\t\t\t\t<div class=\"premium-blog-post-outer-container\" data-total=\"1\">\n\t\t\t<div class=\"premium-blog-post-container premium-blog-skin-classic\">\n\t\t\t\t\t\t\t\t\t<div class=\"premium-blog-thumb-effect-wrapper\">\n\t\t\t\t\t\t<div class=\"premium-blog-thumbnail-container premium-blog-zoomout-effect\">\n\t\t\t\t\t\t\t<img fetchpriority=\"high\" decoding=\"async\" width=\"1800\" height=\"942\" src=\"https:\/\/www.bolivaryfreud.net\/web\/wp-content\/uploads\/2021\/11\/horario-redes-sociales-mexico-latam-fmb-agencia-marketing-cdmx.webp\" class=\"attachment-full size-full wp-image-1488\" alt=\"\" srcset=\"https:\/\/www.bolivaryfreud.net\/web\/wp-content\/uploads\/2021\/11\/horario-redes-sociales-mexico-latam-fmb-agencia-marketing-cdmx.webp 1800w, https:\/\/www.bolivaryfreud.net\/web\/wp-content\/uploads\/2021\/11\/horario-redes-sociales-mexico-latam-fmb-agencia-marketing-cdmx-300x157.webp 300w, https:\/\/www.bolivaryfreud.net\/web\/wp-content\/uploads\/2021\/11\/horario-redes-sociales-mexico-latam-fmb-agencia-marketing-cdmx-1024x536.webp 1024w, https:\/\/www.bolivaryfreud.net\/web\/wp-content\/uploads\/2021\/11\/horario-redes-sociales-mexico-latam-fmb-agencia-marketing-cdmx-768x402.webp 768w, https:\/\/www.bolivaryfreud.net\/web\/wp-content\/uploads\/2021\/11\/horario-redes-sociales-mexico-latam-fmb-agencia-marketing-cdmx-1536x804.webp 1536w, https:\/\/www.bolivaryfreud.net\/web\/wp-content\/uploads\/2021\/11\/horario-redes-sociales-mexico-latam-fmb-agencia-marketing-cdmx-480x250.webp 480w, https:\/\/www.bolivaryfreud.net\/web\/wp-content\/uploads\/2021\/11\/horario-redes-sociales-mexico-latam-fmb-agencia-marketing-cdmx-570x298.webp 570w, https:\/\/www.bolivaryfreud.net\/web\/wp-content\/uploads\/2021\/11\/horario-redes-sociales-mexico-latam-fmb-agencia-marketing-cdmx-270x141.webp 270w\" sizes=\"(max-width: 1800px) 100vw, 1800px\" \/>\t\t\t\t\t\t<\/div>\n\t\t\t\t\t\t\t\t\t\t\t\t\t<div class=\"premium-blog-thumbnail-overlay\">\n\t\t\t\t\t\t\t\t<a class=\"elementor-icon\" href=\"https:\/\/www.bolivaryfreud.net\/web\/?p=1487\" target=\"_self\"><\/a>\n\t\t\t\t\t\t\t<\/div>\n\n\t\t\t\t\t\t\t\t\t\t\t\t\t\t\t\t\t\t<\/div>\n\t\t\t\t\t\t\t\t\t\t\t\t<div class=\"premium-blog-content-wrapper \">\n\n\t\t\t\t\t<div class=\"premium-blog-inner-container\">\n\n\t\t\t\t\t\t\t\t\t\t\t\t\t\t<h2 class=\"premium-blog-entry-title\">\n\t\t\t<a href=\"https:\/\/www.bolivaryfreud.net\/web\/?p=1487\" target=\"_self\">\n\t\t\t\tHORARIOS DE PRIMARIA\t\t\t<\/a>\n\t\t<\/h2>\n\t\t\t\t<div class=\"premium-blog-entry-meta\">\n\t\t\t\n\t\t\t\t\t\t\t<span class=\"premium-blog-meta-separator\">\u2022<\/span>\n\t\t\t\t<div class=\"premium-blog-post-time premium-blog-meta-data\">\n\t\t\t\t\t<i class=\"fa fa-calendar-alt\" aria-hidden=\"true\"><\/i>\n\t\t\t\t\t<span>02\/Oct\/2025<\/span>\n\t\t\t\t<\/div>\n\t\t\t\n\t\t\t\t\t\t\t<span class=\"premium-blog-meta-separator\">\u2022<\/span>\n\t\t\t\t<div class=\"premium-blog-post-categories premium-blog-meta-data\">\n\t\t\t\t\t<i class=\"fa fa-align-left fa-fw\" aria-hidden=\"true\"><\/i>\n\t\t\t\t\t<a href=\"https:\/\/www.bolivaryfreud.net\/web\/?cat=62\" rel=\"category\">Horarios<\/a>, <a href=\"https:\/\/www.bolivaryfreud.net\/web\/?cat=63\" rel=\"category\">Horarios Primaria<\/a>, <a href=\"https:\/\/www.bolivaryfreud.net\/web\/?cat=14\" rel=\"category\">Noticias de Inter\u00e9s<\/a>\t\t\t\t<\/div>\n\t\t\t\n\t\t\t\t\t<\/div>\n\t\t\n\t\t\t\t\t<\/div>\n\n\t\t\t\t\t\t\t<div class=\"premium-blog-content-inner-wrapper\">\n\t\t<p class=\"premium-blog-post-content\">ESTIMADOS REPRESENTANTES Y ESTUDIANTES\n\nReciban un cordial saludo, en la secci\u00f3n de ARCHIVOS ADJUNTOS de esta comunicaci\u00f3n podr\u00e1n encontrar el PDF correspondiente a los HORARIOS DE PRIMARIA. El horario est\u00e1 dirigido para todas las secciones de educaci\u00f3n primaria.<\/p><div class=\"premium-blog-excerpt-link-wrap\"><a href=\"https:\/\/www.bolivaryfreud.net\/web\/?p=1487\" target=\"_self\" class=\"premium-blog-excerpt-link elementor-button\">Leer m\u00e1s \u00bb<\/a><\/div>\t\t<\/div>\n\t\t\t\t\t\t\t\n\t\t\t\t<\/div>\n\t\t\t<\/div>\n\t\t<\/div>\n\n\t\t\t\t<div class=\"premium-blog-post-outer-container\" data-total=\"1\">\n\t\t\t<div class=\"premium-blog-post-container premium-blog-skin-classic\">\n\t\t\t\t\t\t\t\t\t<div class=\"premium-blog-thumb-effect-wrapper\">\n\t\t\t\t\t\t<div class=\"premium-blog-thumbnail-container premium-blog-zoomout-effect\">\n\t\t\t\t\t\t\t<img fetchpriority=\"high\" decoding=\"async\" width=\"1800\" height=\"942\" src=\"https:\/\/www.bolivaryfreud.net\/web\/wp-content\/uploads\/2021\/11\/horario-redes-sociales-mexico-latam-fmb-agencia-marketing-cdmx.webp\" class=\"attachment-full size-full wp-image-1488\" alt=\"\" srcset=\"https:\/\/www.bolivaryfreud.net\/web\/wp-content\/uploads\/2021\/11\/horario-redes-sociales-mexico-latam-fmb-agencia-marketing-cdmx.webp 1800w, https:\/\/www.bolivaryfreud.net\/web\/wp-content\/uploads\/2021\/11\/horario-redes-sociales-mexico-latam-fmb-agencia-marketing-cdmx-300x157.webp 300w, https:\/\/www.bolivaryfreud.net\/web\/wp-content\/uploads\/2021\/11\/horario-redes-sociales-mexico-latam-fmb-agencia-marketing-cdmx-1024x536.webp 1024w, https:\/\/www.bolivaryfreud.net\/web\/wp-content\/uploads\/2021\/11\/horario-redes-sociales-mexico-latam-fmb-agencia-marketing-cdmx-768x402.webp 768w, https:\/\/www.bolivaryfreud.net\/web\/wp-content\/uploads\/2021\/11\/horario-redes-sociales-mexico-latam-fmb-agencia-marketing-cdmx-1536x804.webp 1536w, https:\/\/www.bolivaryfreud.net\/web\/wp-content\/uploads\/2021\/11\/horario-redes-sociales-mexico-latam-fmb-agencia-marketing-cdmx-480x250.webp 480w, https:\/\/www.bolivaryfreud.net\/web\/wp-content\/uploads\/2021\/11\/horario-redes-sociales-mexico-latam-fmb-agencia-marketing-cdmx-570x298.webp 570w, https:\/\/www.bolivaryfreud.net\/web\/wp-content\/uploads\/2021\/11\/horario-redes-sociales-mexico-latam-fmb-agencia-marketing-cdmx-270x141.webp 270w\" sizes=\"(max-width: 1800px) 100vw, 1800px\" \/>\t\t\t\t\t\t<\/div>\n\t\t\t\t\t\t\t\t\t\t\t\t\t<div class=\"premium-blog-thumbnail-overlay\">\n\t\t\t\t\t\t\t\t<a class=\"elementor-icon\" href=\"https:\/\/www.bolivaryfreud.net\/web\/?p=1513\" target=\"_self\"><\/a>\n\t\t\t\t\t\t\t<\/div>\n\n\t\t\t\t\t\t\t\t\t\t\t\t\t\t\t\t\t\t<\/div>\n\t\t\t\t\t\t\t\t\t\t\t\t<div class=\"premium-blog-content-wrapper \">\n\n\t\t\t\t\t<div class=\"premium-blog-inner-container\">\n\n\t\t\t\t\t\t\t\t\t\t\t\t\t\t<h2 class=\"premium-blog-entry-title\">\n\t\t\t<a href=\"https:\/\/www.bolivaryfreud.net\/web\/?p=1513\" target=\"_self\">\n\t\t\t\tHORARIOS DE BACHILLERATO\t\t\t<\/a>\n\t\t<\/h2>\n\t\t\t\t<div class=\"premium-blog-entry-meta\">\n\t\t\t\n\t\t\t\t\t\t\t<span class=\"premium-blog-meta-separator\">\u2022<\/span>\n\t\t\t\t<div class=\"premium-blog-post-time premium-blog-meta-data\">\n\t\t\t\t\t<i class=\"fa fa-calendar-alt\" aria-hidden=\"true\"><\/i>\n\t\t\t\t\t<span>30\/Sep\/2025<\/span>\n\t\t\t\t<\/div>\n\t\t\t\n\t\t\t\t\t\t\t<span class=\"premium-blog-meta-separator\">\u2022<\/span>\n\t\t\t\t<div class=\"premium-blog-post-categories premium-blog-meta-data\">\n\t\t\t\t\t<i class=\"fa fa-align-left fa-fw\" aria-hidden=\"true\"><\/i>\n\t\t\t\t\t<a href=\"https:\/\/www.bolivaryfreud.net\/web\/?cat=62\" rel=\"category\">Horarios<\/a>, <a href=\"https:\/\/www.bolivaryfreud.net\/web\/?cat=64\" rel=\"category\">Horarios Bachillerato<\/a>, <a href=\"https:\/\/www.bolivaryfreud.net\/web\/?cat=14\" rel=\"category\">Noticias de Inter\u00e9s<\/a>\t\t\t\t<\/div>\n\t\t\t\n\t\t\t\t\t<\/div>\n\t\t\n\t\t\t\t\t<\/div>\n\n\t\t\t\t\t\t\t<div class=\"premium-blog-content-inner-wrapper\">\n\t\t<p class=\"premium-blog-post-content\">ACTUALIZADO EL: 30\/10\/2025\n\nESTIMADOS REPRESENTANTES Y ESTUDIANTES\n\nReciban un cordial saludo, en la secci\u00f3n de ARCHIVOS ADJUNTOS de esta comunicaci\u00f3n podr\u00e1n encontrar el PDF correspondiente a los HORARIOS PARA EDUCACI\u00d3N MEDIA (BACHILLERATO)  listado con un enlace de descarga para cada A\u00d1O.<\/p><div class=\"premium-blog-excerpt-link-wrap\"><a href=\"https:\/\/www.bolivaryfreud.net\/web\/?p=1513\" target=\"_self\" class=\"premium-blog-excerpt-link elementor-button\">Leer m\u00e1s \u00bb<\/a><\/div>\t\t<\/div>\n\t\t\t\t\t\t\t\n\t\t\t\t<\/div>\n\t\t\t<\/div>\n\t\t<\/div>\n\n\t\t\t\t\t\t\t<\/div>\n\n\t\t\n\t\t\n\t\t\t\t\t\t<\/div>\n\t\t\t\t<\/div>\n\t\t\t\t\t<\/div>\n\t\t<\/div>\n\t\t\t\t\t<\/div>\n\t\t<\/section>\n\t\t\t\t<\/div>\n\t\t","protected":false},"excerpt":{"rendered":"<p>SECCI\u00d3N DE HORARIOS DE CLASE Conozca y acceda a los horarios vigentes para PRIMARIA O PARA BACHILLERATO durante todo el a\u00f1o escolar (si se hacen correcciones las mismas estar\u00e1n reflejadas ac\u00e1 mismo). No existen HORARIOS cargados actualmente en nuestra base de datos, pronto estaremos anunciando su publicaci\u00f3n&#8230;<\/p>\n","protected":false},"author":1,"featured_media":0,"parent":0,"menu_order":0,"comment_status":"closed","ping_status":"closed","template":"elementor_canvas","meta":{"footnotes":""},"class_list":["post-1479","page","type-page","status-publish","hentry"],"_links":{"self":[{"href":"https:\/\/www.bolivaryfreud.net\/web\/index.php?rest_route=\/wp\/v2\/pages\/1479","targetHints":{"allow":["GET"]}}],"collection":[{"href":"https:\/\/www.bolivaryfreud.net\/web\/index.php?rest_route=\/wp\/v2\/pages"}],"about":[{"href":"https:\/\/www.bolivaryfreud.net\/web\/index.php?rest_route=\/wp\/v2\/types\/page"}],"author":[{"embeddable":true,"href":"https:\/\/www.bolivaryfreud.net\/web\/index.php?rest_route=\/wp\/v2\/users\/1"}],"replies":[{"embeddable":true,"href":"https:\/\/www.bolivaryfreud.net\/web\/index.php?rest_route=%2Fwp%2Fv2%2Fcomments&post=1479"}],"version-history":[{"count":11,"href":"https:\/\/www.bolivaryfreud.net\/web\/index.php?rest_route=\/wp\/v2\/pages\/1479\/revisions"}],"predecessor-version":[{"id":5144,"href":"https:\/\/www.bolivaryfreud.net\/web\/index.php?rest_route=\/wp\/v2\/pages\/1479\/revisions\/5144"}],"wp:attachment":[{"href":"https:\/\/www.bolivaryfreud.net\/web\/index.php?rest_route=%2Fwp%2Fv2%2Fmedia&parent=1479"}],"curies":[{"name":"wp","href":"https:\/\/api.w.org\/{rel}","templated":true}]}}